{"id":767,"date":"2023-01-13T05:59:14","date_gmt":"2023-01-13T05:59:14","guid":{"rendered":"https:\/\/designshopp.com\/?page_id=767"},"modified":"2025-02-21T13:30:02","modified_gmt":"2025-02-21T13:30:02","slug":"qui-nous-sommes","status":"publish","type":"page","link":"https:\/\/designshopp.com\/fr\/qui-nous-sommes\/","title":{"rendered":"Qui nous sommes"},"content":{"rendered":"","protected":false},"excerpt":{"rendered":"","protected":false},"author":2,"featured_media":0,"parent":0,"menu_order":0,"comment_status":"closed","ping_status":"closed","template":"page-templates\/page-who-we-are.php","meta":{"_acf_changed":false,"inline_featured_image":false,"footnotes":""},"class_list":["post-767","page","type-page","status-publish","hentry"],"acf":[],"yoast_head":"<!-- This site is optimized with the Yoast SEO plugin v27.5 - https:\/\/yoast.com\/product\/yoast-seo-wordpress\/ -->\n<title>Qui nous sommes - Agence digitale - Design Shopp<\/title>\n<meta name=\"description\" content=\"\u00c9quipe de designers, d\u00e9veloppeurs et sp\u00e9cialistes en marketing en ligne qualifi\u00e9s. Plus de 15 ans d&#039;exp\u00e9rience.\" \/>\n<meta name=\"robots\" content=\"index, follow, max-snippet:-1, max-image-preview:large, max-video-preview:-1\" \/>\n<link rel=\"canonical\" href=\"https:\/\/designshopp.com\/fr\/qui-nous-sommes\/\" \/>\n<meta property=\"og:locale\" content=\"fr_FR\" \/>\n<meta property=\"og:type\" content=\"article\" \/>\n<meta property=\"og:title\" content=\"Qui nous sommes - Agence digitale - Design Shopp\" \/>\n<meta property=\"og:description\" content=\"\u00c9quipe de designers, d\u00e9veloppeurs et sp\u00e9cialistes en marketing en ligne qualifi\u00e9s. Plus de 15 ans d&#039;exp\u00e9rience.\" \/>\n<meta property=\"og:url\" content=\"https:\/\/designshopp.com\/fr\/qui-nous-sommes\/\" \/>\n<meta property=\"og:site_name\" content=\"Design Shopp\" \/>\n<meta property=\"article:modified_time\" content=\"2025-02-21T13:30:02+00:00\" \/>\n<meta property=\"og:image\" content=\"https:\/\/designshopp.com\/wp-content\/uploads\/2023\/01\/Facebook-share-img.png\" \/>\n\t<meta property=\"og:image:width\" content=\"1200\" \/>\n\t<meta property=\"og:image:height\" content=\"630\" \/>\n\t<meta property=\"og:image:type\" content=\"image\/png\" \/>\n<meta name=\"twitter:card\" content=\"summary_large_image\" \/>\n<meta name=\"twitter:label1\" content=\"Dur\u00e9e de lecture estim\u00e9e\" \/>\n\t<meta name=\"twitter:data1\" content=\"5 minutes\" \/>\n<script type=\"application\/ld+json\" class=\"yoast-schema-graph\">{\"@context\":\"https:\\\/\\\/schema.org\",\"@graph\":[{\"@type\":\"WebPage\",\"@id\":\"https:\\\/\\\/designshopp.com\\\/fr\\\/qui-nous-sommes\\\/\",\"url\":\"https:\\\/\\\/designshopp.com\\\/fr\\\/qui-nous-sommes\\\/\",\"name\":\"Qui nous sommes - Agence digitale - Design Shopp\",\"isPartOf\":{\"@id\":\"https:\\\/\\\/designshopp.com\\\/fr\\\/#website\"},\"datePublished\":\"2023-01-13T05:59:14+00:00\",\"dateModified\":\"2025-02-21T13:30:02+00:00\",\"description\":\"\u00c9quipe de designers, d\u00e9veloppeurs et sp\u00e9cialistes en marketing en ligne qualifi\u00e9s. Plus de 15 ans d'exp\u00e9rience.\",\"breadcrumb\":{\"@id\":\"https:\\\/\\\/designshopp.com\\\/fr\\\/qui-nous-sommes\\\/#breadcrumb\"},\"inLanguage\":\"fr-FR\",\"potentialAction\":[{\"@type\":\"ReadAction\",\"target\":[\"https:\\\/\\\/designshopp.com\\\/fr\\\/qui-nous-sommes\\\/\"]}]},{\"@type\":\"BreadcrumbList\",\"@id\":\"https:\\\/\\\/designshopp.com\\\/fr\\\/qui-nous-sommes\\\/#breadcrumb\",\"itemListElement\":[{\"@type\":\"ListItem\",\"position\":1,\"name\":\"Home\",\"item\":\"https:\\\/\\\/designshopp.com\\\/fr\\\/\"},{\"@type\":\"ListItem\",\"position\":2,\"name\":\"Qui nous sommes\"}]},{\"@type\":\"WebSite\",\"@id\":\"https:\\\/\\\/designshopp.com\\\/fr\\\/#website\",\"url\":\"https:\\\/\\\/designshopp.com\\\/fr\\\/\",\"name\":\"Design Shopp\",\"description\":\"Digital Agency located in Montreal, Canada\",\"potentialAction\":[{\"@type\":\"SearchAction\",\"target\":{\"@type\":\"EntryPoint\",\"urlTemplate\":\"https:\\\/\\\/designshopp.com\\\/fr\\\/?s={search_term_string}\"},\"query-input\":{\"@type\":\"PropertyValueSpecification\",\"valueRequired\":true,\"valueName\":\"search_term_string\"}}],\"inLanguage\":\"fr-FR\"}]}<\/script>\n<!-- \/ Yoast SEO plugin. -->","yoast_head_json":{"title":"Qui nous sommes - Agence digitale - Design Shopp","description":"\u00c9quipe de designers, d\u00e9veloppeurs et sp\u00e9cialistes en marketing en ligne qualifi\u00e9s. Plus de 15 ans d'exp\u00e9rience.","robots":{"index":"index","follow":"follow","max-snippet":"max-snippet:-1","max-image-preview":"max-image-preview:large","max-video-preview":"max-video-preview:-1"},"canonical":"https:\/\/designshopp.com\/fr\/qui-nous-sommes\/","og_locale":"fr_FR","og_type":"article","og_title":"Qui nous sommes - Agence digitale - Design Shopp","og_description":"\u00c9quipe de designers, d\u00e9veloppeurs et sp\u00e9cialistes en marketing en ligne qualifi\u00e9s. Plus de 15 ans d'exp\u00e9rience.","og_url":"https:\/\/designshopp.com\/fr\/qui-nous-sommes\/","og_site_name":"Design Shopp","article_modified_time":"2025-02-21T13:30:02+00:00","og_image":[{"width":1200,"height":630,"url":"https:\/\/designshopp.com\/wp-content\/uploads\/2023\/01\/Facebook-share-img.png","type":"image\/png"}],"twitter_card":"summary_large_image","twitter_misc":{"Dur\u00e9e de lecture estim\u00e9e":"5 minutes"},"schema":{"@context":"https:\/\/schema.org","@graph":[{"@type":"WebPage","@id":"https:\/\/designshopp.com\/fr\/qui-nous-sommes\/","url":"https:\/\/designshopp.com\/fr\/qui-nous-sommes\/","name":"Qui nous sommes - Agence digitale - Design Shopp","isPartOf":{"@id":"https:\/\/designshopp.com\/fr\/#website"},"datePublished":"2023-01-13T05:59:14+00:00","dateModified":"2025-02-21T13:30:02+00:00","description":"\u00c9quipe de designers, d\u00e9veloppeurs et sp\u00e9cialistes en marketing en ligne qualifi\u00e9s. Plus de 15 ans d'exp\u00e9rience.","breadcrumb":{"@id":"https:\/\/designshopp.com\/fr\/qui-nous-sommes\/#breadcrumb"},"inLanguage":"fr-FR","potentialAction":[{"@type":"ReadAction","target":["https:\/\/designshopp.com\/fr\/qui-nous-sommes\/"]}]},{"@type":"BreadcrumbList","@id":"https:\/\/designshopp.com\/fr\/qui-nous-sommes\/#breadcrumb","itemListElement":[{"@type":"ListItem","position":1,"name":"Home","item":"https:\/\/designshopp.com\/fr\/"},{"@type":"ListItem","position":2,"name":"Qui nous sommes"}]},{"@type":"WebSite","@id":"https:\/\/designshopp.com\/fr\/#website","url":"https:\/\/designshopp.com\/fr\/","name":"Design Shopp","description":"Digital Agency located in Montreal, Canada","potentialAction":[{"@type":"SearchAction","target":{"@type":"EntryPoint","urlTemplate":"https:\/\/designshopp.com\/fr\/?s={search_term_string}"},"query-input":{"@type":"PropertyValueSpecification","valueRequired":true,"valueName":"search_term_string"}}],"inLanguage":"fr-FR"}]}},"_links":{"self":[{"href":"https:\/\/designshopp.com\/fr\/wp-json\/wp\/v2\/pages\/767","targetHints":{"allow":["GET"]}}],"collection":[{"href":"https:\/\/designshopp.com\/fr\/wp-json\/wp\/v2\/pages"}],"about":[{"href":"https:\/\/designshopp.com\/fr\/wp-json\/wp\/v2\/types\/page"}],"author":[{"embeddable":true,"href":"https:\/\/designshopp.com\/fr\/wp-json\/wp\/v2\/users\/2"}],"replies":[{"embeddable":true,"href":"https:\/\/designshopp.com\/fr\/wp-json\/wp\/v2\/comments?post=767"}],"version-history":[{"count":0,"href":"https:\/\/designshopp.com\/fr\/wp-json\/wp\/v2\/pages\/767\/revisions"}],"wp:attachment":[{"href":"https:\/\/designshopp.com\/fr\/wp-json\/wp\/v2\/media?parent=767"}],"curies":[{"name":"wp","href":"https:\/\/api.w.org\/{rel}","templated":true}]}}